{"id":26,"date":"2014-08-25T14:49:02","date_gmt":"2014-08-25T13:49:02","guid":{"rendered":"http:\/\/www.ondesfragiles.delautrecote.fr\/?page_id=26"},"modified":"2014-09-15T14:02:35","modified_gmt":"2014-09-15T13:02:35","slug":"entretien","status":"publish","type":"page","link":"https:\/\/www.ondesfragiles.delautrecote.fr\/?page_id=26","title":{"rendered":"Entretien"},"content":{"rendered":"<p><strong>Entretien avec les auteurs-r\u00e9alisateurs :<\/strong> <em>Fran\u00e7oise Bouard et R\u00e9gis Blanchard. <\/em><\/p>\n<p style=\"text-align: justify;\" align=\"LEFT\"><strong>Comment vous est venue l&rsquo;id\u00e9e de faire un film sur Plum FM ?\u00a0\u00a0\u00a0\u00a0\u00a0\u00a0\u00a0\u00a0\u00a0\u00a0\u00a0\u00a0\u00a0\u00a0\u00a0\u00a0\u00a0\u00a0\u00a0\u00a0\u00a0\u00a0\u00a0\u00a0\u00a0\u00a0 <\/strong>C\u2019est en emm\u00e9nageant dans le village de S\u00e9rent que nous avons d\u00e9couvert Plum FM. La premi\u00e8re fois que nous sommes tomb\u00e9s sur ses ondes, nous avons \u00e9t\u00e9 frapp\u00e9s d&rsquo;entendre une voix h\u00e9sitante, pas toujours compr\u00e9hensible, mais profond\u00e9ment touchante. Peu \u00e0 peu nous avons d\u00e9couvert une multiplicit\u00e9 de voix et de tons, offrant la parole d&rsquo;une soci\u00e9t\u00e9 jamais (ou si peu) entendue sur les ondes, celle qu&rsquo;\u00e0 travers nos film nous avons toujours d\u00e9sir\u00e9 mettre en sc\u00e8ne. Ce fut pour nous une \u00e9vidence que d&rsquo;aller \u00e0 la rencontre des visages qui se cachaient derri\u00e8re ces voix. Et nous avons tout de suite \u00e9t\u00e9 s\u00e9duit par ce lieu cr\u00e9ateur de lien social.<\/p>\n<p style=\"text-align: justify;\" align=\"LEFT\">Au-del\u00e0 des activit\u00e9s classiques d\u2019une radio associative de campagne, Plum FM est avant tout un outil collectif proposant \u00e0 ses membres un lieu d\u2019\u00e9change et de convivialit\u00e9 hors pair. Cette radio est bien plus qu\u2019un simple m\u00e9dia en milieu rural. Les particularit\u00e9s y sont cultiv\u00e9es, qu&rsquo;elles soient sociales, culturelles, physiques, psychiques\u2026 Elles font partie de l\u2019identit\u00e9 de la radio et c\u2019est sous cet angle que nous avons choisi de construire le film.<\/p>\n<p style=\"text-align: justify;\" align=\"LEFT\"><strong>Le spectateur se sent accept\u00e9 dans l&rsquo;alc\u00f4ve de Plum. Tout se passe \u00e0 la fois comme si la cam\u00e9ra n&rsquo;\u00e9tait pas l\u00e0, tout en sentant r\u00e9guli\u00e8rement la l\u00e9gitimit\u00e9 de sa pr\u00e9sence. Comment avez-vous r\u00e9ussi \u00e0 faire accepter votre regard cin\u00e9matographique\u00a0aux personnes film\u00e9es ?\u00a0\u00a0\u00a0\u00a0\u00a0\u00a0\u00a0\u00a0\u00a0\u00a0\u00a0\u00a0\u00a0\u00a0\u00a0\u00a0\u00a0\u00a0\u00a0\u00a0\u00a0\u00a0\u00a0\u00a0\u00a0\u00a0\u00a0\u00a0\u00a0\u00a0\u00a0\u00a0\u00a0\u00a0\u00a0\u00a0\u00a0\u00a0\u00a0\u00a0\u00a0\u00a0\u00a0\u00a0\u00a0\u00a0\u00a0\u00a0\u00a0\u00a0\u00a0\u00a0\u00a0\u00a0\u00a0\u00a0\u00a0\u00a0\u00a0\u00a0\u00a0\u00a0\u00a0 <\/strong>La premi\u00e8re \u00e9tape a \u00e9t\u00e9 de cr\u00e9er une relation de confiance avec Jib\u00e9. Pour lui, ce n&rsquo;\u00e9tait \u00e0 priori pas \u00e9vident d&rsquo;accepter la pr\u00e9sence d&rsquo;une cam\u00e9ra dans ses ateliers avec des publics fragiles. Nous avons pos\u00e9 comme r\u00e8gle fondamentale que s&rsquo;il sentait que la cam\u00e9ra n&rsquo;avait plus sa place, nous sortirions tout de suite. Ce que finalement nous n&rsquo;avons jamais eu \u00e0 faire. Nous avons test\u00e9 le dispositif lors de la phase de rep\u00e9rage avec un groupe de jeunes en r\u00e9insertion sociale. Et Jib\u00e9 a \u00e9t\u00e9 agr\u00e9ablement surpris par ce qu&rsquo;a provoqu\u00e9 la pr\u00e9sence de la cam\u00e9ra. Finalement, comme nous \u00e9tions les t\u00e9moins de ce qui se jouait pour chacun, les jeunes se sentaient \u00ab\u00a0port\u00e9s\u00a0\u00bb par notre regard qu&rsquo;ils ne voulaient pas d\u00e9cevoir. Nous \u00e9tions un argument de plus pour eux de se d\u00e9passer. En les filmant, nous leur offrions aussi une reconnaissance.<\/p>\n<p style=\"text-align: justify;\" align=\"LEFT\"><strong>La situation financi\u00e8re de la radio est particuli\u00e8rement difficile au moment du tournage. Avez-vous choisi le temps du tournage pour cette raison\u00a0?\u00a0\u00a0\u00a0\u00a0\u00a0\u00a0\u00a0\u00a0\u00a0\u00a0\u00a0\u00a0\u00a0\u00a0\u00a0\u00a0\u00a0 <\/strong>Non ! Nous voulions aborder la question de la fragilit\u00e9 financi\u00e8re de la structure, nous savions que tous les ans il y a des moments \u00ab\u00a0tendus\u00a0\u00bb \u00e0 ce sujet. Mais nous ne savions pas ce qui se passerait quand nous avons entam\u00e9 le tournage. C&rsquo;est la r\u00e9alit\u00e9 qui a servi le film. Nous avons eu la \u00ab\u00a0chance\u00a0\u00bb d&rsquo;\u00eatre l\u00e0 \u00e0 un moment particuli\u00e8rement dramatique pour l&rsquo;avenir de la radio, ce qui bien entendu sert la dramaturgie du r\u00e9cit.<\/p>\n<p style=\"text-align: justify;\" align=\"LEFT\"><strong>Pourquoi avoir choisi Jib\u00e9 comme personnage central ?\u00a0\u00a0\u00a0\u00a0\u00a0\u00a0\u00a0\u00a0\u00a0\u00a0\u00a0\u00a0\u00a0\u00a0\u00a0\u00a0\u00a0\u00a0\u00a0\u00a0\u00a0\u00a0\u00a0\u00a0\u00a0\u00a0\u00a0\u00a0\u00a0\u00a0\u00a0\u00a0\u00a0\u00a0\u00a0\u00a0\u00a0\u00a0\u00a0\u00a0\u00a0\u00a0\u00a0 <\/strong>La richesse de Plum offrait plusieurs axes de narration. 6 salari\u00e9s travaillent sur des dimensions diff\u00e9rentes (la langue gallo qui est la seconde langue en Bretagne, l&rsquo;environnement et le d\u00e9veloppement durable..) et une cinquantaine de b\u00e9n\u00e9voles viennent r\u00e9guli\u00e8rement faire une \u00e9mission. Mais Jib\u00e9 est celui qui rassemble le mieux les probl\u00e9matiques que nous souhaitions aborder\u00a0: l&rsquo;utilit\u00e9 sociale de la radio et la question de la normalit\u00e9 dans notre soci\u00e9t\u00e9. En filmant son travail, nous filmions n\u00e9cessairement les publics \u00ab\u00a0fragiles\u00a0\u00bb qui viennent \u00e0 la radio et en m\u00eame temps nous avions un fil rouge auquel le spectateur peut se raccrocher.\u00a0\u00a0\u00a0\u00a0\u00a0\u00a0\u00a0\u00a0\u00a0\u00a0\u00a0\u00a0\u00a0\u00a0\u00a0\u00a0\u00a0\u00a0\u00a0\u00a0\u00a0\u00a0\u00a0\u00a0\u00a0\u00a0\u00a0\u00a0\u00a0\u00a0\u00a0\u00a0\u00a0\u00a0\u00a0\u00a0\u00a0\u00a0\u00a0\u00a0\u00a0\u00a0\u00a0\u00a0\u00a0\u00a0\u00a0\u00a0\u00a0\u00a0\u00a0\u00a0\u00a0\u00a0\u00a0\u00a0\u00a0\u00a0\u00a0\u00a0\u00a0\u00a0\u00a0\u00a0\u00a0\u00a0\u00a0\u00a0\u00a0\u00a0\u00a0\u00a0\u00a0\u00a0\u00a0\u00a0\u00a0\u00a0 Et sans vouloir exag\u00e9rer, Jib\u00e9 est naturellement un personnage id\u00e9al, remarquable par son humanit\u00e9, son sens de l&rsquo;\u00e9coute et son professionnalisme. D\u00e8s le d\u00e9but du tournage nous avons senti qu&rsquo;en filmant son \u00e9coute attentive lors des ateliers, les \u00e9motions, les enjeux de chacun se refl\u00e9tait sur son visage comme dans un miroir. C&rsquo;est par son filtre que le spectateur rencontre les autres protagonistes.<\/p>\n<p style=\"text-align: justify;\" align=\"LEFT\"><strong>Les fragilit\u00e9s et les faiblesses des personnes qui t\u00e9moignent de leur souffrance sont d\u00e9voil\u00e9es dans votre film. Comment les protagonistes du film ont-ils v\u00e9cu cette mise \u00e0 nu documentaire ?\u00a0\u00a0\u00a0\u00a0\u00a0\u00a0\u00a0\u00a0\u00a0\u00a0\u00a0\u00a0\u00a0\u00a0\u00a0\u00a0\u00a0\u00a0\u00a0\u00a0\u00a0\u00a0\u00a0\u00a0\u00a0\u00a0\u00a0\u00a0\u00a0\u00a0\u00a0\u00a0\u00a0\u00a0\u00a0\u00a0\u00a0\u00a0\u00a0\u00a0\u00a0\u00a0\u00a0\u00a0\u00a0\u00a0\u00a0\u00a0\u00a0\u00a0\u00a0\u00a0\u00a0\u00a0\u00a0\u00a0\u00a0\u00a0\u00a0\u00a0\u00a0\u00a0\u00a0\u00a0\u00a0\u00a0\u00a0\u00a0\u00a0\u00a0\u00a0\u00a0\u00a0\u00a0\u00a0\u00a0\u00a0\u00a0\u00a0\u00a0\u00a0\u00a0\u00a0 <\/strong>Ils ont tous pr\u00e9alablement v\u00e9cu cette mise \u00e0 nu avec la radio, comme on peut le voir lors des s\u00e9quences d&rsquo;\u00e9coute de leur t\u00e9moignage avant le passage sur les ondes. Lors du visionnage du film, il leur fallait accepter leur image, ce qui n&rsquo;\u00e9tait pas facile pour tous. Mais l&rsquo;importance de t\u00e9moigner a \u00e9t\u00e9 plus forte que leurs appr\u00e9hensions et ils ont tous donn\u00e9 leur accord pour la diffusion. Christelle qui dans le film a peur de la radio et dit en pleurant qu&rsquo;elle a \u00ab\u00a0mal fait\u00a0\u00bb a \u00e9t\u00e9 heureuse de revivre son retour \u00e0 la radio. Et lors d&rsquo;une projection publique, elle a pris le micro pour dire merci pour le film et surtout merci \u00e0 la radio. Elle n&rsquo;avait plus peur, elle \u00e9tait fi\u00e8re.\u00a0\u00a0\u00a0\u00a0\u00a0\u00a0\u00a0\u00a0\u00a0\u00a0\u00a0\u00a0\u00a0\u00a0\u00a0\u00a0\u00a0\u00a0\u00a0\u00a0\u00a0\u00a0\u00a0\u00a0\u00a0\u00a0\u00a0\u00a0\u00a0\u00a0\u00a0\u00a0\u00a0\u00a0\u00a0\u00a0\u00a0\u00a0\u00a0\u00a0\u00a0\u00a0\u00a0\u00a0\u00a0\u00a0\u00a0\u00a0\u00a0\u00a0\u00a0\u00a0\u00a0\u00a0\u00a0\u00a0\u00a0\u00a0\u00a0\u00a0\u00a0\u00a0\u00a0\u00a0\u00a0\u00a0\u00a0\u00a0\u00a0 Enfin, il faut pr\u00e9ciser que nous ne d\u00e9voilons pas tout des souffrances et des pathologies de chacun. Au montage nous avons choisi de laisser des zones d&rsquo;ombres plut\u00f4t que de restituer frontalement les paroles livr\u00e9es. Au spectateur de remplir ce qui n&rsquo;est que sugg\u00e9r\u00e9. Le t\u00e9moignage acc\u00e8de alors \u00e0 une dimension plus universelle sans perdre de sa force \u00e9motionnelle.<\/p>\n<p align=\"LEFT\"><strong>Paroles de spectateurs\u00a0:<\/strong><\/p>\n<p style=\"text-align: center;\" align=\"LEFT\"><em>\u00ab\u00a0Il y a une grande pudeur dans ce documentaire et surtout une force de suggestion de la douleur et de l&rsquo;humanit\u00e9 profonde de chacun sans pour autant la montrer frontalement. On se sent toujours l\u00e9gitime, jamais voyeur et pourtant profond\u00e9ment \u00e9mu.\u00a0\u00bb<\/em><\/p>\n<p>&nbsp;<\/p>\n","protected":false},"excerpt":{"rendered":"<p>Entretien avec les auteurs-r\u00e9alisateurs : Fran\u00e7oise Bouard et R\u00e9gis Blanchard. Comment vous est venue l&rsquo;id\u00e9e de faire un film sur Plum FM ?\u00a0\u00a0\u00a0\u00a0\u00a0\u00a0\u00a0\u00a0\u00a0\u00a0\u00a0\u00a0\u00a0\u00a0\u00a0\u00a0\u00a0\u00a0\u00a0\u00a0\u00a0\u00a0\u00a0\u00a0\u00a0\u00a0 C\u2019est en emm\u00e9nageant dans le village de S\u00e9rent que nous avons d\u00e9couvert Plum FM. La premi\u00e8re fois &hellip; <a href=\"https:\/\/www.ondesfragiles.delautrecote.fr\/?page_id=26\">Continuer la lecture <span class=\"meta-nav\">&rarr;<\/span><\/a><\/p>\n","protected":false},"author":1,"featured_media":0,"parent":0,"menu_order":0,"comment_status":"closed","ping_status":"closed","template":"","meta":{"footnotes":""},"class_list":["post-26","page","type-page","status-publish","hentry"],"_links":{"self":[{"href":"https:\/\/www.ondesfragiles.delautrecote.fr\/index.php?rest_route=\/wp\/v2\/pages\/26","targetHints":{"allow":["GET"]}}],"collection":[{"href":"https:\/\/www.ondesfragiles.delautrecote.fr\/index.php?rest_route=\/wp\/v2\/pages"}],"about":[{"href":"https:\/\/www.ondesfragiles.delautrecote.fr\/index.php?rest_route=\/wp\/v2\/types\/page"}],"author":[{"embeddable":true,"href":"https:\/\/www.ondesfragiles.delautrecote.fr\/index.php?rest_route=\/wp\/v2\/users\/1"}],"replies":[{"embeddable":true,"href":"https:\/\/www.ondesfragiles.delautrecote.fr\/index.php?rest_route=%2Fwp%2Fv2%2Fcomments&post=26"}],"version-history":[{"count":12,"href":"https:\/\/www.ondesfragiles.delautrecote.fr\/index.php?rest_route=\/wp\/v2\/pages\/26\/revisions"}],"predecessor-version":[{"id":288,"href":"https:\/\/www.ondesfragiles.delautrecote.fr\/index.php?rest_route=\/wp\/v2\/pages\/26\/revisions\/288"}],"wp:attachment":[{"href":"https:\/\/www.ondesfragiles.delautrecote.fr\/index.php?rest_route=%2Fwp%2Fv2%2Fmedia&parent=26"}],"curies":[{"name":"wp","href":"https:\/\/api.w.org\/{rel}","templated":true}]}}